{"id":15,"date":"2024-06-28T10:52:54","date_gmt":"2024-06-28T08:52:54","guid":{"rendered":"https:\/\/media-crossers.com\/?page_id=15"},"modified":"2024-06-28T10:52:54","modified_gmt":"2024-06-28T08:52:54","slug":"datenschutz","status":"publish","type":"page","link":"https:\/\/media-crossers.com\/de\/datenschutz\/","title":{"rendered":"Datenschutz"},"content":{"rendered":"<div class=\"wpb-content-wrapper\"><p>[vc_row row_height_percent=&#8220;0&#8243; back_color=&#8220;color-lxmt&#8220; overlay_alpha=&#8220;50&#8243; gutter_size=&#8220;3&#8243; column_width_percent=&#8220;100&#8243; shift_y=&#8220;0&#8243; z_index=&#8220;0&#8243; uncode_shortcode_id=&#8220;169991&#8243; back_color_type=&#8220;uncode-palette&#8220;][vc_column column_width_percent=&#8220;100&#8243; gutter_size=&#8220;3&#8243; style=&#8220;light&#8220; overlay_alpha=&#8220;50&#8243; shift_x=&#8220;0&#8243; shift_y=&#8220;0&#8243; shift_y_down=&#8220;0&#8243; z_index=&#8220;0&#8243; medium_width=&#8220;0&#8243; mobile_width=&#8220;0&#8243; uncode_shortcode_id=&#8220;184727&#8243;][vc_custom_heading heading_semantic=&#8220;h1&#8243; text_size=&#8220;&#8220; text_weight=&#8220;500&#8243; text_transform=&#8220;uppercase&#8220; text_height=&#8220;fontheight-179065&#8243; title=&#8220;&#8220; uncode_shortcode_id=&#8220;816283&#8243; el_class=&#8220;padded-multiline&#8220;]Datenschutz[\/vc_custom_heading][vc_column_text uncode_shortcode_id=&#8220;174978&#8243;]<\/p>\n<p>1. Geltungsbereich<br \/>\nDiese Datenschutzerkl\u00e4rung kl\u00e4rt Sie, den Nutzer, \u00fcber die Art, den Umfang und Zwecke der Erhebung und Verwendung personenbezogener Daten durch den Betreiber dieser Webseite bei Nutzung dieser Website (nachfolgend \u201eWebsite\u201c) auf. Vollst\u00e4ndige Angaben zum Betreiber dieser Website sind dem Impressum dieser Website zu entnehmen.<\/p>\n<p>2. Allgemeines<br \/>\nDie Betreiber dieser Website nehmen den Schutz Ihrer pers\u00f6nlichen Daten sehr ernst. Wir behandeln Ihre personenbezogenen Daten vertraulich und entsprechend der gesetzlichen Datenschutzvorschriften sowie dieser Datenschutzerkl\u00e4rung.<br \/>\nDie Nutzung unserer Website ist in der Regel ohne Angabe personenbezogener Daten m\u00f6glich. Soweit auf unseren Seiten personenbezogene Daten (beispielsweise Name, Anschrift oder E-Mail-Adressen) erhoben werden, erfolgt dies, soweit m\u00f6glich, stets auf freiwilliger Basis. Diese Daten werden ohne Ihre ausdr\u00fcckliche Zustimmung nicht an Dritte weitergegeben.<br \/>\nWir weisen darauf hin, dass die Daten\u00fcbertragung im Internet (z.B. bei der Kommunikation per E-Mail) Sicherheitsl\u00fccken aufweisen kann. Ein l\u00fcckenloser Schutz der Daten vor dem Zugriff durch Dritte ist nicht m\u00f6glich.<\/p>\n<p>3. Zugriffsdaten\/ Server-Logfiles<br \/>\nDer Provider der Website erhebt und speichert automatisch Daten \u00fcber jeden Zugriff auf die Website (so genannte Serverlogfiles). Zu den Zugriffsdaten geh\u00f6ren:<br \/>\nName der abgerufenen Internetseite, Datei, Datum und Uhrzeit des Abrufs, \u00fcbertragene Datenmenge, Meldung \u00fcber erfolgreichen Abruf, Browsertyp nebst Version, das Betriebssystem des Nutzers, Referrer URL (die zuvor besuchte Seite), IP-Adresse und der anfragende Provider. Diese Nutzungsdaten sind notwendig, damit die vom Nutzer aufgerufene Internetseite an den Rechner des Nutzers geschickt und ihm angezeigt werden kann.<br \/>\nDer Betreiber der Website verwendet die Protokolldaten wenn \u00fcberhaupt nur in anonymisierter Form f\u00fcr statistische Auswertungen zum Zweck des Betriebs, der Sicherheit und der Optimierung des Angebotes der von ihr betriebenen Website. Diese Daten sind nicht bestimmten Personen zuordenbar. Eine Zusammenf\u00fchrung dieser Daten mit anderen Datenquellen wird nicht vorgenommen. Wir behalten uns vor, diese Daten nachtr\u00e4glich zu pr\u00fcfen, wenn uns konkrete Anhaltspunkte f\u00fcr eine rechtswidrige Nutzung bekannt werden. F\u00fcr den technischen Betrieb (Hosting) der Website hat hat der Betreiber dieser Website einen Dienstleister beauftragt. Dieser f\u00fchrt die Datenverarbeitung im Auftrag des Betreibers dieser Website durch.<\/p>\n<p>4. Umgang mit personenbezogenen Daten<br \/>\nPersonenbezogene Daten sind Informationen, mit deren Hilfe eine Person bestimmbar ist, also Angaben, die zur\u00fcck zu einer Person verfolgt werden k\u00f6nnen. Dazu geh\u00f6ren der Name, die Emailadresse oder die Telefonnummer. Aber auch Daten \u00fcber Vorlieben, Hobbies, Mitgliedschaften oder welche Websiten von jemandem angesehen wurden z\u00e4hlen zu personenbezogenen Daten.<br \/>\nPersonenbezogene Daten werden vom Betreiber dieser Website nur dann erhoben, genutzt und weiter gegeben, wenn dies gesetzlich erlaubt ist oder die Nutzer in die Datenerhebung und-nutzung, bzw. \u2013 verarbeitung einwilligen und\/oder die Daten zur Begr\u00fcndung eines Vertragsverh\u00e4ltnisses mit dem Betreiber dieser Website erforderlich sind.<br \/>\nMit vollst\u00e4ndiger Vertragsabwicklung werden die Daten f\u00fcr die weitere Verwendung gesperrt und nach Ablauf der steuer- und handelsrechtlichen Aufbewahrungsfristen gel\u00f6scht, sofern der Nutzer nicht ausdr\u00fccklich in eine weitergehende Nutzung eingewilligt hat.<br \/>\nBei der Kontaktaufnahme mit dem Betreiber der Website (zum Beispiel per Kontaktformular oder E-Mail) werden die Angaben des Nutzers zwecks Bearbeitung der Anfrage sowie etwaiger Anschlussfragen gespeichert, sp\u00e4testens jedoch nach vier Wochen gel\u00f6scht.<br \/>\nWenn Nutzer Kommentare im Blog oder sonstige Beitr\u00e4ge hinterlassen, werden die IP-Adressen durch ein spezielles Plugin NICHT gespeichert.<\/p>\n<p>5. Verwendung von Cookies<br \/>\nUm den Besuch dieser Website und des Angebots attraktiv zu gestalten und den Funktionsumfang zu erweitern und deren Nutzung f\u00fcr den Nutzer komfortabler zu gestalten und bestimmte Funktionen zu erm\u00f6glichen, verwendet der Betreiber der Website sogenannte \u201eCookies\u201c. Dabei handelt es sich um kleine Textdateien, welche auf Ihrem Rechner abgelegt und gespeichert werden. Nach dem Ende der Browser-Sitzung werden die meisten der vom Betreiber der Website verwendeten Cookies wieder von der Festplatte des Nutzers gel\u00f6scht, sogenannte Sitzungscookies. Andere Cookies verbleiben auf dem Endger\u00e4t des Nutzers und erm\u00f6glichen es, den Browser des Nutzers beim n\u00e4chsten Besuch wiederzuerkennen (persistente Cookies). Es ist den Partnerunternehmen des Betreibers der Website nicht gestattet, \u00fcber die Website personenbezogene Daten mittels Cookies zu erheben, zu verarbeiten oder zu nutzen.<br \/>\nCookies, die zur Erbringung unseres Dienstes nicht technisch erforderlich sind, werden nur mit Einverst\u00e4ndnis des Nutzers gesetzt, welches jederzeit widerrufen werden kann. Das Einverst\u00e4ndnis teilt der Nutzer durch die Einstellung seines Internetbrowsers (bspw. Internet Explorer, Mozilla Firefox, Opera oder Safari) mit, indem er bestimmt, dass er \u00fcber das Setzen von Cookies informiert werden will und deren Annahme erst erfolgt, wenn er dies ausdr\u00fccklich best\u00e4tigt. Der Nutzer hat aber auch die M\u00f6glichkeit f\u00fcr bestimmte F\u00e4lle oder generell das Abspeichern von Cookies auf seinem Rechner durch entsprechende Einstellungen in dem von ihm genutzten Internetbrowser zu verhindern oder ausschlie\u00dfen. Dadurch k\u00f6nnte allerdings der Funktionsumfang und die Benutzerfreundlichkeit des Angebotes eingeschr\u00e4nkt werden.<br \/>\nPersistente Cookies werden ausschlie\u00dflich im Zusammenhang mit den vom Betreiber der Website eingesetzten Webanalysediensten verwendet und nur solange genutzt, wie es der Zweck erfordert; sie haben eine Lebensdauer von maximal zwei Jahren. Der Nutzer kann die Cookies \u00fcber die Datenschutzfunktionen seines Browsers jederzeit von der Festplatte des Rechners l\u00f6schen.<\/p>\n<p>6. Widerruf, \u00c4nderungen, Berichtigungen und Aktualisierungen<br \/>\nAlle Informationsw\u00fcnsche, Auskunftsanfragen oder Widerrufe der Einwilligung zur Datenverarbeitung sind vom Nutzer an die im Impressum vorgehaltenen allgemeinen Kontaktdaten von des Websiten Betreibers zu richten.<br \/>\nDer Nutzer hat das Recht, auf Antrag unentgeltlich Auskunft zu erhalten \u00fcber die personenbezogenen Daten, die \u00fcber ihn gespeichert wurden. Zus\u00e4tzlich hat der Nutzer das Recht auf Berichtigung unrichtiger Daten, Sperrung und L\u00f6schung seiner personenbezogenen Daten, soweit dem keine gesetzliche Aufbewahrungspflicht entgegensteht.<\/p>\n<p>7. Einbindung von Diensten und Inhalten Dritter<br \/>\nEs kann vorkommen, dass innerhalb dieses Onlineangebotes Inhalte Dritter, wie zum Beispiel Videos von YouTube, Kartenmaterial von Google-Maps, RSS-Feeds oder Grafiken von anderen Internetseiten eingebunden werden. Dies setzt immer voraus, dass die Anbieter dieser Inhalte (nachfolgend \u201eDritt-Anbieter\u201c) die IP-Adresse der Nutzer wahr nehmen. Denn ohne die IP-Adresse, k\u00f6nnten sie die Inhalte nicht an den Browser des jeweiligen Nutzers senden. Die IP-Adresse ist damit f\u00fcr die Darstellung dieser Inhalte erforderlich. Der Betreiber dieser Website bem\u00fcht sich nur solche Inhalte zu verwenden, deren jeweilige Anbieter die IP-Adresse lediglich zur Auslieferung der Inhalte verwenden. Jedoch kann der Dritte, ohne eine Einflussnahmem\u00f6glichkeit durch den Betreiber dieser Website die IP-Adresse des Nutzers z.B. f\u00fcr statistische Zwecke speichern. Soweit dies dem Betreiber dieser Website bekannt ist, wird er den Nutzer hierauf gesondert hinweisen.<\/p>\n<p>8. Google Analytics<br \/>\nDiese Website benutzt Google Analytics, einen Webanalysedienst der Google Inc. (\u201eGoogle\u201c). Google Analytics verwendet sog. \u201eCookies\u201c, Textdateien, die auf Computer der Nutzer gespeichert werden und die eine Analyse der Benutzung der Website durch sie erm\u00f6glichen. Die durch den Cookie erzeugten Informationen \u00fcber Benutzung dieser Website durch die Nutzer werden in der Regel an einen Server von Google in den USA \u00fcbertragen und dort gespeichert.<br \/>\nDer Betreiber dieser Website weist darauf hin, dass um eine direkte Personenbeziehbarkeit auszuschlie\u00dfen auf der Website IP-Adressen nur gek\u00fcrzt verarbeitet werden, da Google Analytics mit der Erweiterung \u201eAnonymizelp\u201c genutzt wird. Dabei wird die IP-Adresse der Nutzer von Google innerhalb von Mitgliedstaaten der Europ\u00e4ischen Union oder in anderen Vertragsstaaten des Abkommens \u00fcber den Europ\u00e4ischen Wirtschaftsraum zuvor gek\u00fcrzt. Nur in Ausnahmef\u00e4llen wird die volle IP-Adresse an einen Server von Google in den USA \u00fcbertragen und dort gek\u00fcrzt. Im Auftrag vom Betreiber dieser Website wird Google diese Informationen benutzen, um die Nutzung der Website durch die Nutzer auszuwerten, um Reports \u00fcber die Websiteaktivit\u00e4ten zusammenzustellen und um weitere mit der Websitenutzung und der Internetnutzung verbundene Dienstleistungen gegen\u00fcber dem Betreiber dieser Website zu erbringen. Auch wird Google diese Informationen gegebenenfalls an Dritte \u00fcbertragen, sofern dies gesetzlich vorgeschrieben oder soweit Dritte diese Daten im Auftrag von Google verarbeiten. Die im Rahmen von Google Analytics vom Browser des Nutzers \u00fcbermittelte IP-Adresse wird nicht mit anderen Daten von Google zusammengef\u00fchrt. Die Nutzer k\u00f6nnen die Speicherung der Cookies durch eine entsprechende Einstellung Ihrer Browser-Software verhindern. Der Betreiber dieser Website verweist insoweit vollumf\u00e4nglich auf seine vorstehenden Ausf\u00fchrungen zu Cookies. Die Nutzer k\u00f6nnen dar\u00fcber hinaus die Erfassung der durch das Cookie erzeugten und auf ihre Nutzung der Website bezogenen Daten (inkl. Ihrer IP-Adresse) an Google sowie die Verarbeitung dieser Daten durch Google verhindern, indem sie das unter dem folgenden Link verf\u00fcgbare Browser-Plugin herunterladen und installieren: Opt-Out-Tools.<\/p>\n<p>Die Nutzung von Google Analytics erfolgt in \u00dcbereinstimmung mit den Voraussetzungen, auf die sich die deutschen Datenschutzbeh\u00f6rden mit Google verst\u00e4ndigten. Informationen des Drittanbieters: Google Dublin, Google Ireland Ltd., Gordon House, Barrow Street, Dublin 4, Ireland, Fax: +353 (1) 436 1001. Nutzerbedingungen, \u00dcbersicht zum Datenschutz, sowie die Datenschutzerkl\u00e4rung:<br \/>\nhttps:\/\/www.google.de\/intl\/de\/policies\/privacy .<br \/>\nN\u00e4here Informationen zu Nutzungsbedingungen und Datenschutz finden Sie unter https:\/\/www.google.com\/analytics\/terms\/de.html bzw. unter https:\/\/www.google.de\/intl\/de\/policies\/ . Wir weisen Sie darauf hin, dass auf dieser Website Google Analytics um den Code \u201eanonymizeIp\u201c erweitert wurde, um eine anonymisierte Erfassung von IP-Adressen (sog. IP-Masking) zu gew\u00e4hrleisten.<\/p>\n<p>9. Einsatz von Social Media Plugins<br \/>\nHinweis: Wir verzichten auf den Einsatz von Social Media Plugins wie dem Facebook Plugin, Google+ Schaltfl\u00e4chen oder Twitter Plugin! Es gibt lediglich zeitweise die M\u00f6glichkeit einzelne Seiten zu teilen (sharen). Zur Vollst\u00e4ndigkeit dieser Datenschutzerkl\u00e4rung und den Fall, dass doch an einer Stelle ein Plugin verwendet werden sollte folgen im Folgenden die entsprechenden Datenschutzerkl\u00e4rungen zu den Social Media Plugins:<\/p>\n<p>a) Facebook<br \/>\nAuf der Website sind Programme, sogenannte Plugins, des sozialen Netzwerks des Betreibers Facebook Inc., 1601 Willow Road, Menlo Park, California, 94025, USA (\u201eFacebook\u201c) integriert. Die Facebook-Plugins erkennt der Nutzer an dem Facebook-Logo oder dem \u201eLike-Button\u201c (\u201eGef\u00e4llt mir\u201c) im Angebot. Eine \u00dcbersicht \u00fcber die Facebook-Plugins findet der Nutzer hier: http:\/\/developers.facebook.com\/docs\/plugins\/.<br \/>\nWenn der Nutzer die Website und das Angebot besucht, wird \u00fcber das Plugin eine direkte Verbindung zwischen seinem Browser und dem Facebook-Server hergestellt. Facebook erh\u00e4lt dadurch die Information, dass der Nutzer mit seiner IP-Adresse die Website besucht hat. Wenn der Nutzer den Facebook \u201eLike-Button\u201c anklicken w\u00e4hrend er in seinem Facebook-Account eingeloggt ist, kann er die Inhalte, die Website und das Angebot auf seinem Facebook-Profil verlinken. Dadurch kann Facebook den Besuch der Website seinem Benutzerkonto zuordnen.<br \/>\nDer Betreiber dieser Website weist darauf hin, dass sie keine Kenntnis vom Inhalt der an Facebook \u00fcbermittelten Daten sowie deren Nutzung durch Facebook erhalten. Zweck und Umfang der Datenerhebung durch Facebook sowie die dortige weitere Verarbeitung und Nutzung der Daten des Nutzers, wie auch seine diesbez\u00fcglichen Rechte und Einstellungsm\u00f6glichkeiten zum Schutz seiner Privatsph\u00e4re sind Datenschutzhinweisen von Facebook unter http:\/\/de-de.facebook.com\/privacy\/explanation.php zu entnehmen. Wenn der Nutzer nicht w\u00fcnscht, dass Facebook den Besuch der Website seinem Facebook-Nutzerkonto zuordnen kann, so sollte er sich zun\u00e4chst aus seinem Facebook-Benutzerkonto ausloggen.<\/p>\n<p>10. VG Wort Datenschutzerkl\u00e4rung \u2013 Cookies und Meldungen zu Zugriffszahlen<br \/>\nWir setzen \u201eSession-Cookies\u201c der VG Wort, M\u00fcnchen, zur Messung von Zugriffen auf Texten ein, um die Kopierwahrscheinlichkeit zu erfassen. Session-Cookies sind kleine Informationseinheiten, die ein Anbieter im Arbeitsspeicher des Computers des Besuchers speichert. In einem Session-Cookie wird eine zuf\u00e4llig erzeugte eindeutige Identifikationsnummer abgelegt, eine sogenannte Session-ID. Au\u00dferdem enth\u00e4lt ein Cookie die Angabe \u00fcber seine Herkunft und die Speicherfrist. Session-Cookies k\u00f6nnen keine anderen Daten speichern. Diese Messungen werden von der INFOnline GmbH nach dem Skalierbaren Zentralen Messverfahren (SZM) durchgef\u00fchrt. Sie helfen dabei, die Kopierwahrscheinlichkeit einzelner Texte zur Verg\u00fctung von gesetzlichen Anspr\u00fcchen von Autoren und Verlagen zu ermitteln. Wir erfassen keine personenbezogenen Daten \u00fcber Cookies. Viele unserer Seiten sind mit JavaScript-Aufrufen versehen, \u00fcber die wir die Zugriffe an die Verwertungsgesellschaft Wort (VG Wort) melden. Wir erm\u00f6glichen damit, dass unsere Autoren an den Aussch\u00fcttungen der VG Wort partizipieren, die die gesetzliche Verg\u00fctung f\u00fcr die Nutzungen urheberrechtlich gesch\u00fctzter Werke gem. \u00a7 53 UrhG sicherstellen. Eine Nutzung unserer Angebote ist auch ohne Cookies m\u00f6glich. Die meisten Browser sind so eingestellt, dass sie Cookies automatisch akzeptieren. Sie k\u00f6nnen das Speichern von Cookies jedoch deaktivieren oder Ihren Browser so einstellen, dass er Sie benachrichtigt, sobald Cookies gesendet werden. Der Betreiber dieser Website verweist insoweit vollumf\u00e4nglich auf seine vorstehenden Ausf\u00fchrungen zu Cookies.<\/p>\n<p>11. Datenschutzerkl\u00e4rung zur Nutzung des Skalierbaren Zentralen Messverfahrens<br \/>\nUnsere Website und unser mobiles Webangebot nutzen das \u201eSkalierbare Zentrale Messverfahren\u201c (SZM) der INFOnline GmbH (https:\/\/www.infonline.de) f\u00fcr die Ermittlung statistischer Kennwerte zur Ermittlung der Kopierwahrscheinlichkeit von Texten. Dabei werden anonyme Messwerte erhoben. Die Zugriffszahlenmessung verwendet zur Wiedererkennung von Computersystemen alternativ ein Session-Cookie oder eine Signatur, die aus verschiedenen automatisch \u00fcbertragenen Informationen Ihres Browsers erstellt wird. IP-Adressen werden nur in anonymisierter Form verarbeitet. Das Verfahren wurde unter der Beachtung des Datenschutzes entwickelt. Einziges Ziel des Verfahrens ist es, die Kopierwahrscheinlichkeit einzelner Texte zu ermitteln. Zu keinem Zeitpunkt werden einzelne Nutzer identifiziert. Ihre Identit\u00e4t bleibt immer gesch\u00fctzt. Sie erhalten \u00fcber das System keine Werbung. Der Betreiber dieser Website verweist insoweit vollumf\u00e4nglich auf seine vorstehenden Ausf\u00fchrungen zu Cookies.<\/p>\n<p>[\/vc_column_text][\/vc_column][\/vc_row]<\/p>\n<\/div>","protected":false},"excerpt":{"rendered":"<p>[vc_row row_height_percent=&#8220;0&#8243; back_color=&#8220;color-lxmt&#8220; overlay_alpha=&#8220;50&#8243; gutter_size=&#8220;3&#8243; column_width_percent=&#8220;100&#8243; shift_y=&#8220;0&#8243; z_index=&#8220;0&#8243; uncode_shortcode_id=&#8220;169991&#8243; back_color_type=&#8220;uncode-palette&#8220;][vc_column column_width_percent=&#8220;100&#8243; gutter_size=&#8220;3&#8243; style=&#8220;light&#8220; overlay_alpha=&#8220;50&#8243; shift_x=&#8220;0&#8243; shift_y=&#8220;0&#8243; shift_y_down=&#8220;0&#8243; z_index=&#8220;0&#8243; medium_width=&#8220;0&#8243; mobile_width=&#8220;0&#8243; [&hellip;]<\/p>\n","protected":false},"author":1,"featured_media":0,"parent":0,"menu_order":0,"comment_status":"closed","ping_status":"closed","template":"","meta":{"footnotes":""},"class_list":["post-15","page","type-page","status-publish","hentry"],"_links":{"self":[{"href":"https:\/\/media-crossers.com\/de\/wp-json\/wp\/v2\/pages\/15","targetHints":{"allow":["GET"]}}],"collection":[{"href":"https:\/\/media-crossers.com\/de\/wp-json\/wp\/v2\/pages"}],"about":[{"href":"https:\/\/media-crossers.com\/de\/wp-json\/wp\/v2\/types\/page"}],"author":[{"embeddable":true,"href":"https:\/\/media-crossers.com\/de\/wp-json\/wp\/v2\/users\/1"}],"replies":[{"embeddable":true,"href":"https:\/\/media-crossers.com\/de\/wp-json\/wp\/v2\/comments?post=15"}],"version-history":[{"count":1,"href":"https:\/\/media-crossers.com\/de\/wp-json\/wp\/v2\/pages\/15\/revisions"}],"predecessor-version":[{"id":16,"href":"https:\/\/media-crossers.com\/de\/wp-json\/wp\/v2\/pages\/15\/revisions\/16"}],"wp:attachment":[{"href":"https:\/\/media-crossers.com\/de\/wp-json\/wp\/v2\/media?parent=15"}],"curies":[{"name":"wp","href":"https:\/\/api.w.org\/{rel}","templated":true}]}}